{"id":1051,"date":"2022-05-23T16:04:23","date_gmt":"2022-05-23T16:04:23","guid":{"rendered":"http:\/\/areaparksalamanca.com\/?page_id=1051"},"modified":"2022-05-23T16:13:41","modified_gmt":"2022-05-23T16:13:41","slug":"reservas","status":"publish","type":"page","link":"https:\/\/areaparksalamanca.com\/index.php\/reservas\/","title":{"rendered":"Reservas"},"content":{"rendered":"\t\t<div data-elementor-type=\"wp-page\" data-elementor-id=\"1051\" class=\"elementor elementor-1051\">\n\t\t\t\t\t\t\t\t\t<section class=\"elementor-section elementor-top-section elementor-element elementor-element-363b7aed elementor-section-boxed elementor-section-height-default elementor-section-height-default\" data-id=\"363b7aed\" data-element_type=\"section\">\n\t\t\t\t\t\t<div class=\"elementor-container elementor-column-gap-default\">\n\t\t\t\t\t<div class=\"elementor-column elementor-col-100 elementor-top-column elementor-element elementor-element-11f4bbbf\" data-id=\"11f4bbbf\" data-element_type=\"column\">\n\t\t\t<div class=\"elementor-widget-wrap elementor-element-populated\">\n\t\t\t\t\t\t\t\t<div class=\"elementor-element elementor-element-6008d4e0 elementor-widget elementor-widget-text-editor\" data-id=\"6008d4e0\" data-element_type=\"widget\" data-widget_type=\"text-editor.default\">\n\t\t\t\t<div class=\"elementor-widget-container\">\n\t\t\t<style>\/*! elementor - v3.11.1 - 15-02-2023 *\/\n.elementor-widget-text-editor.elementor-drop-cap-view-stacked .elementor-drop-cap{background-color:#818a91;color:#fff}.elementor-widget-text-editor.elementor-drop-cap-view-framed .elementor-drop-cap{color:#818a91;border:3px solid;background-color:transparent}.elementor-widget-text-editor:not(.elementor-drop-cap-view-default) .elementor-drop-cap{margin-top:8px}.elementor-widget-text-editor:not(.elementor-drop-cap-view-default) .elementor-drop-cap-letter{width:1em;height:1em}.elementor-widget-text-editor .elementor-drop-cap{float:left;text-align:center;line-height:1;font-size:50px}.elementor-widget-text-editor .elementor-drop-cap-letter{display:inline-block}<\/style>\t\t\t\t<p>Ya puedes reservar tu parcela en nuestra \u00e1rea. Para ello ponte en contacto con nosotros en el tel\u00e9fono +34 675 56 82 31 o al +34 615 48 48 85. Aceptamos pagos mediante el sistema Bizum (indicar la matr\u00edcula) o mediante el pago al contado a su llegada.<\/p>\t\t\t\t\t\t<\/div>\n\t\t\t\t<\/div>\n\t\t\t\t\t<\/div>\n\t\t<\/div>\n\t\t\t\t\t\t\t<\/div>\n\t\t<\/section>\n\t\t\t\t\t\t\t<\/div>\n\t\t","protected":false},"excerpt":{"rendered":"<p>Ya puedes reservar tu parcela en nuestra \u00e1rea. Para ello ponte en contacto con nosotros en el tel\u00e9fono +34 675 56 82 31 o al +34 615 48 48 85. Aceptamos pagos mediante el sistema Bizum (indicar la matr\u00edcula) o mediante el pago al contado a su llegada.<\/p>\n","protected":false},"author":1,"featured_media":0,"parent":0,"menu_order":0,"comment_status":"closed","ping_status":"closed","template":"","meta":{"site-sidebar-layout":"default","site-content-layout":"default","ast-global-header-display":"","ast-main-header-display":"","ast-hfb-above-header-display":"","ast-hfb-below-header-display":"","ast-hfb-mobile-header-display":"","site-post-title":"","ast-breadcrumbs-content":"","ast-featured-img":"","footer-sml-layout":"","theme-transparent-header-meta":"","adv-header-id-meta":"","stick-header-meta":"","header-above-stick-meta":"","header-main-stick-meta":"","header-below-stick-meta":""},"_links":{"self":[{"href":"https:\/\/areaparksalamanca.com\/index.php\/wp-json\/wp\/v2\/pages\/1051"}],"collection":[{"href":"https:\/\/areaparksalamanca.com\/index.php\/wp-json\/wp\/v2\/pages"}],"about":[{"href":"https:\/\/areaparksalamanca.com\/index.php\/wp-json\/wp\/v2\/types\/page"}],"author":[{"embeddable":true,"href":"https:\/\/areaparksalamanca.com\/index.php\/wp-json\/wp\/v2\/users\/1"}],"replies":[{"embeddable":true,"href":"https:\/\/areaparksalamanca.com\/index.php\/wp-json\/wp\/v2\/comments?post=1051"}],"version-history":[{"count":13,"href":"https:\/\/areaparksalamanca.com\/index.php\/wp-json\/wp\/v2\/pages\/1051\/revisions"}],"predecessor-version":[{"id":1182,"href":"https:\/\/areaparksalamanca.com\/index.php\/wp-json\/wp\/v2\/pages\/1051\/revisions\/1182"}],"wp:attachment":[{"href":"https:\/\/areaparksalamanca.com\/index.php\/wp-json\/wp\/v2\/media?parent=1051"}],"curies":[{"name":"wp","href":"https:\/\/api.w.org\/{rel}","templated":true}]}}